{"id":58919,"date":"2021-07-23T12:39:25","date_gmt":"2021-07-23T10:39:25","guid":{"rendered":"https:\/\/comprof.it\/contacts\/"},"modified":"2026-04-09T15:24:32","modified_gmt":"2026-04-09T13:24:32","slug":"contacts","status":"publish","type":"page","link":"https:\/\/comprof.it\/fr\/contacts\/","title":{"rendered":"contacts"},"content":{"rendered":"<div class=\"wpb-content-wrapper\"><p>[vc_row full_width=\u00a0\u00bbstretch_row\u00a0\u00bb css=\u00a0\u00bb.vc_custom_1614270831089{background-image: url(https:\/\/comprof.it\/wp-content\/uploads\/2021\/02\/sfondo_riga_1.png?id=57214) !important;background-position: center !important;background-repeat: no-repeat !important;background-size: cover !important;}\u00a0\u00bb][vc_column][vc_row_inner][vc_column_inner offset=\u00a0\u00bbvc_hidden-sm vc_hidden-xs\u00a0\u00bb][vc_empty_space height=\u00a0\u00bb100px\u00a0\u00bb][\/vc_column_inner][\/vc_row_inner][vc_row_inner css=\u00a0\u00bb.vc_custom_1590679843660{background-color: rgba(255,255,255,0.88) !important;*background-color: rgb(255,255,255) !important;}\u00a0\u00bb][vc_column_inner width=\u00a0\u00bb1\/2&Prime; css=\u00a0\u00bb.vc_custom_1614005323203{padding-top: 20% !important;padding-bottom: 20% !important;padding-left: 20% !important;}\u00a0\u00bb offset=\u00a0\u00bbvc_hidden-md vc_hidden-sm vc_hidden-xs\u00a0\u00bb][vc_column_text]<\/p>\n<h1><strong>contacts<\/strong><\/h1>\n<p>[\/vc_column_text][vc_column_text]<\/p>\n<h3><strong>maintenir le dialogue<\/strong><br \/>\n<strong>avec nos clients est essentiel pour nous<\/strong><\/h3>\n<p>[\/vc_column_text][vc_column_text]<\/p>\n<h3><strong>nous sommes l\u00e0 pour vous<\/strong><\/h3>\n<p>Si vous souhaitez demander des informations sur nos marques ou si vous avez simplement besoin d&rsquo;aide, veuillez choisir l&rsquo;un des moyens suivants pour nous contacter ou remplir le formulaire.<\/p>\n<p><i class=\"fas fa-phone-alt\"><\/i> +39 081 510 80 64<br \/>\n<i class=\"fas fa-envelope\"><\/i> <a href=\"mailto:info@comprofmilano.it\">info@comprofmilano.it<\/a>[\/vc_column_text][vc_column_text]<\/p>\n<h3><strong>rester connect\u00e9<\/strong><\/h3>\n<p>Suivez-nous sur nos r\u00e9seaux sociaux pour \u00eatre inform\u00e9(e) de nos actualit\u00e9s.[\/vc_column_text][vc_raw_html]PGgzIHN0eWxlPSJ0ZXh0LWFsaWduOiBsZWZ0OyI+PGEgaHJlZj0iaHR0cHM6Ly93d3cueW91dHViZS5jb20vY2hhbm5lbC9VQzkxbGk1a19xd3BKU25ucjQtRkRGcmciPjxpIGNsYXNzPSJmYWIgZmEteW91dHViZSI+PC9pPiA8L2E+4oCCPGEgaHJlZj0iaHR0cHM6Ly9pdC5saW5rZWRpbi5jb20vY29tcGFueS9jb21wcm9mb2ZmaWNpYWwiPjxpIGNsYXNzPSJmYWIgZmEtbGlua2VkaW4taW4iPjwvaT48L2E+PC9oMz4=[\/vc_raw_html][\/vc_column_inner][vc_column_inner width=\u00a0\u00bb1\/2&Prime; css=\u00a0\u00bb.vc_custom_1614005329436{padding-top: 20% !important;padding-right: 20% !important;padding-bottom: 20% !important;}\u00a0\u00bb offset=\u00a0\u00bbvc_hidden-md vc_hidden-sm vc_hidden-xs\u00a0\u00bb][vc_raw_html css=\u00a0\u00bb\u00a0\u00bb]JTNDJTIxLS0lMjBDdXN0b20lMjBGb3JtJTNBJTIwQ29tcHJvZiUyMEZSJTIwLS0lM0UlMEElM0NsaW5rJTIwcmVsJTNEJTIyc3R5bGVzaGVldCUyMiUyMGhyZWYlM0QlMjJodHRwcyUzQSUyRiUyRmhlbHBkZXNrLmNvbXByb2YuaXQlMkZhc3NldHMlMkZjdXN0b20tZm9ybSUyRmN1c3RvbS1mb3JtLmNzcyUyMiUzRSUwQSUzQ2RpdiUyMGlkJTNEJTIyY3VzdG9tLWZvcm0tV0ZrMHJFWXclMjIlM0UlM0MlMkZkaXYlM0UlMEElM0NzY3JpcHQlMjBzcmMlM0QlMjJodHRwcyUzQSUyRiUyRmhlbHBkZXNrLmNvbXByb2YuaXQlMkZhc3NldHMlMkZjdXN0b20tZm9ybSUyRmN1c3RvbS1mb3JtLmpzJTIyJTNFJTNDJTJGc2NyaXB0JTNFJTBBJTNDc2NyaXB0JTNFJTBBJTIwJTIwWmFtbWFkQ3VzdG9tRm9ybS5pbml0JTI4JTdCJTBBJTIwJTIwJTIwJTIwZWwlM0ElMjAlMjAlMjAlMjAlMjAlMjAlMjclMjNjdXN0b20tZm9ybS1XRmswckVZdyUyNyUyQyUwQSUyMCUyMCUyMCUyMHRva2VuJTNBJTIwJTIwJTIwJTI3V0ZrMHJFWXdZZk4yNlFjTUNsRGRMUDVSMVlBSXRxWS02ZXVwbDNfQURCY3B6OXB3NXVuamRiVEtOVkV6Qng4ayUyNyUyQyUwQSUyMCUyMCUyMCUyMGJhc2VVcmwlM0ElMjAlMjdodHRwcyUzQSUyRiUyRmhlbHBkZXNrLmNvbXByb2YuaXQlMjclMEElMjAlMjAlN0QlMjklM0IlMEElM0MlMkZzY3JpcHQlM0U=[\/vc_raw_html][\/vc_column_inner][\/vc_row_inner][vc_row_inner css=\u00a0\u00bb.vc_custom_1590737146404{background-color: rgba(255,255,255,0.89) !important;*background-color: rgb(255,255,255) !important;}\u00a0\u00bb][vc_column_inner css=\u00a0\u00bb.vc_custom_1616754940927{padding-top: 10% !important;padding-right: 10% !important;padding-bottom: 10% !important;padding-left: 10% !important;}\u00a0\u00bb offset=\u00a0\u00bbvc_hidden-lg\u00a0\u00bb][vc_column_text]<\/p>\n<h1><strong>contacts<\/strong><\/h1>\n<p>[\/vc_column_text][vc_column_text]<\/p>\n<h3><strong>maintenir le dialogue<\/strong><br \/>\n<strong>avec nos clients est essentiel pour nous<\/strong><\/h3>\n<p>[\/vc_column_text][vc_column_text]<\/p>\n<h3><strong>nous sommes l\u00e0 pour vous<\/strong><\/h3>\n<p>Si vous souhaitez demander des informations sur nos marques ou si vous avez simplement besoin d&rsquo;aide, veuillez choisir l&rsquo;un des moyens suivants pour nous contacter ou remplir le formulaire.<\/p>\n<p><i class=\"fas fa-phone-alt\"><\/i> +39 081 510 80 64<br \/>\n<i class=\"fas fa-envelope\"><\/i> <a href=\"mailto:info@comprofmilano.it\">info@comprofmilano.it<\/a>[\/vc_column_text][vc_column_text]<\/p>\n<h3><strong>rester connect\u00e9<\/strong><\/h3>\n<p>Suivez-nous sur nos r\u00e9seaux sociaux pour \u00eatre inform\u00e9(e) de nos actualit\u00e9s.[\/vc_column_text][vc_raw_html]PGgzIHN0eWxlPSJ0ZXh0LWFsaWduOiBsZWZ0OyI+PGEgaHJlZj0iaHR0cHM6Ly93d3cueW91dHViZS5jb20vY2hhbm5lbC9VQzkxbGk1a19xd3BKU25ucjQtRkRGcmciPjxpIGNsYXNzPSJmYWIgZmEteW91dHViZSI+PC9pPiA8L2E+4oCCPGEgaHJlZj0iaHR0cHM6Ly9pdC5saW5rZWRpbi5jb20vY29tcGFueS9jb21wcm9mb2ZmaWNpYWwiPjxpIGNsYXNzPSJmYWIgZmEtbGlua2VkaW4taW4iPjwvaT48L2E+PC9oMz4=[\/vc_raw_html][vc_raw_html]JTNDc2NyaXB0JTIwY2hhcnNldCUzRCUyMnV0Zi04JTIyJTIwdHlwZSUzRCUyMnRleHQlMkZqYXZhc2NyaXB0JTIyJTIwc3JjJTNEJTIyJTJGJTJGanMtZXUxLmhzZm9ybXMubmV0JTJGZm9ybXMlMkZ2Mi5qcyUyMiUzRSUzQyUyRnNjcmlwdCUzRSUwQSUzQ3NjcmlwdCUzRSUwQSUyMCUyMGhic3B0LmZvcm1zLmNyZWF0ZSUyOCU3QiUwQSUyMCUyMCUyMCUyMHJlZ2lvbiUzQSUyMCUyMmV1MSUyMiUyQyUwQSUyMCUyMCUyMCUyMHBvcnRhbElkJTNBJTIwJTIyMjQ4OTA2NTclMjIlMkMlMEElMjAlMjAlMjAlMjBmb3JtSWQlM0ElMjAlMjJkYmFiZjAwNi04MThkLTQzNDktOTAyZi00Mzg3NWRhMGNlMTElMjIlMEElMjAlMjAlN0QlMjklM0IlMEElM0MlMkZzY3JpcHQlM0U=[\/vc_raw_html][\/vc_column_inner][\/vc_row_inner][vc_row_inner][vc_column_inner offset=\u00a0\u00bbvc_hidden-sm vc_hidden-xs\u00a0\u00bb][vc_empty_space height=\u00a0\u00bb100px\u00a0\u00bb][\/vc_column_inner][\/vc_row_inner][\/vc_column][\/vc_row]<\/p>\n<\/div>","protected":false},"excerpt":{"rendered":"<p>[vc_row full_width=\u00a0\u00bbstretch_row\u00a0\u00bb css=\u00a0\u00bb.vc_custom_1614270831089{background-image: url(https:\/\/comprof.it\/wp-content\/uploads\/2021\/02\/sfondo_riga_1.png?id=57214) !important;background-position: center !important;background-repeat: no-repeat !important;background-size: cover !important;}\u00a0\u00bb][vc_column][vc_row_inner][vc_column_inner offset=\u00a0\u00bbvc_hidden-sm vc_hidden-xs\u00a0\u00bb][vc_empty_space height=\u00a0\u00bb100px\u00a0\u00bb][\/vc_column_inner][\/vc_row_inner][vc_row_inner css=\u00a0\u00bb.vc_custom_1590679843660{background-color: rgba(255,255,255,0.88) !important;*background-color: rgb(255,255,255) !important;}\u00a0\u00bb][vc_column_inner width=\u00a0\u00bb1\/2&Prime; css=\u00a0\u00bb.vc_custom_1614005323203{padding-top: 20% !important;padding-bottom: 20% !important;padding-left: 20% !important;}\u00a0\u00bb offset=\u00a0\u00bbvc_hidden-md vc_hidden-sm vc_hidden-xs\u00a0\u00bb][vc_column_text] contacts [\/vc_column_text][vc_column_text] maintenir le dialogue avec nos clients est essentiel pour nous [\/vc_column_text][vc_column_text] nous sommes l\u00e0 pour vous Si vous souhaitez demander des informations sur&hellip;<\/p>\n","protected":false},"author":1,"featured_media":0,"parent":0,"menu_order":0,"comment_status":"closed","ping_status":"closed","template":"","meta":{"footnotes":""},"class_list":["post-58919","page","type-page","status-publish","hentry","description-off"],"yoast_head":"<!-- This site is optimized with the Yoast SEO plugin v26.8 - https:\/\/yoast.com\/product\/yoast-seo-wordpress\/ -->\n<title>Contacts | Comprof<\/title>\n<meta name=\"description\" content=\"Si vous souhaitez demander des informations sur nos marques ou si vous avez simplement besoin d&#039;aide, veuillez choisir l&#039;un des moyens suivants pour nous contacter ou remplir le formulaire.\" \/>\n<meta name=\"robots\" content=\"index, follow, max-snippet:-1, max-image-preview:large, max-video-preview:-1\" \/>\n<link rel=\"canonical\" href=\"https:\/\/comprof.it\/fr\/contacts\/\" \/>\n<meta property=\"og:locale\" content=\"fr_FR\" \/>\n<meta property=\"og:type\" content=\"article\" \/>\n<meta property=\"og:title\" content=\"Contacts | Comprof\" \/>\n<meta property=\"og:description\" content=\"Si vous souhaitez demander des informations sur nos marques ou si vous avez simplement besoin d&#039;aide, veuillez choisir l&#039;un des moyens suivants pour nous contacter ou remplir le formulaire.\" \/>\n<meta property=\"og:url\" content=\"https:\/\/comprof.it\/fr\/contacts\/\" \/>\n<meta property=\"og:site_name\" content=\"Comprof\" \/>\n<meta property=\"article:modified_time\" content=\"2026-04-09T13:24:32+00:00\" \/>\n<meta name=\"twitter:card\" content=\"summary_large_image\" \/>\n<meta name=\"twitter:label1\" content=\"Dur\u00e9e de lecture estim\u00e9e\" \/>\n\t<meta name=\"twitter:data1\" content=\"2 minutes\" \/>\n<script type=\"application\/ld+json\" class=\"yoast-schema-graph\">{\"@context\":\"https:\/\/schema.org\",\"@graph\":[{\"@type\":\"WebPage\",\"@id\":\"https:\/\/comprof.it\/fr\/contacts\/\",\"url\":\"https:\/\/comprof.it\/fr\/contacts\/\",\"name\":\"Contacts | Comprof\",\"isPartOf\":{\"@id\":\"https:\/\/comprof.it\/fr\/#website\"},\"datePublished\":\"2021-07-23T10:39:25+00:00\",\"dateModified\":\"2026-04-09T13:24:32+00:00\",\"description\":\"Si vous souhaitez demander des informations sur nos marques ou si vous avez simplement besoin d'aide, veuillez choisir l'un des moyens suivants pour nous contacter ou remplir le formulaire.\",\"breadcrumb\":{\"@id\":\"https:\/\/comprof.it\/fr\/contacts\/#breadcrumb\"},\"inLanguage\":\"fr-FR\",\"potentialAction\":[{\"@type\":\"ReadAction\",\"target\":[\"https:\/\/comprof.it\/fr\/contacts\/\"]}]},{\"@type\":\"BreadcrumbList\",\"@id\":\"https:\/\/comprof.it\/fr\/contacts\/#breadcrumb\",\"itemListElement\":[{\"@type\":\"ListItem\",\"position\":1,\"name\":\"Home\",\"item\":\"https:\/\/comprof.it\/fr\/\"},{\"@type\":\"ListItem\",\"position\":2,\"name\":\"contacts\"}]},{\"@type\":\"WebSite\",\"@id\":\"https:\/\/comprof.it\/fr\/#website\",\"url\":\"https:\/\/comprof.it\/fr\/\",\"name\":\"Comprof\",\"description\":\"For Beauty Specialists\",\"publisher\":{\"@id\":\"https:\/\/comprof.it\/fr\/#organization\"},\"potentialAction\":[{\"@type\":\"SearchAction\",\"target\":{\"@type\":\"EntryPoint\",\"urlTemplate\":\"https:\/\/comprof.it\/fr\/?s={search_term_string}\"},\"query-input\":{\"@type\":\"PropertyValueSpecification\",\"valueRequired\":true,\"valueName\":\"search_term_string\"}}],\"inLanguage\":\"fr-FR\"},{\"@type\":\"Organization\",\"@id\":\"https:\/\/comprof.it\/fr\/#organization\",\"name\":\"Comprof\",\"url\":\"https:\/\/comprof.it\/fr\/\",\"logo\":{\"@type\":\"ImageObject\",\"inLanguage\":\"fr-FR\",\"@id\":\"https:\/\/comprof.it\/fr\/#\/schema\/logo\/image\/\",\"url\":\"https:\/\/comprof.it\/wp-content\/uploads\/2021\/03\/comprof_logo_2020.png\",\"contentUrl\":\"https:\/\/comprof.it\/wp-content\/uploads\/2021\/03\/comprof_logo_2020.png\",\"width\":820,\"height\":120,\"caption\":\"Comprof\"},\"image\":{\"@id\":\"https:\/\/comprof.it\/fr\/#\/schema\/logo\/image\/\"}}]}<\/script>\n<!-- \/ Yoast SEO plugin. -->","yoast_head_json":{"title":"Contacts | Comprof","description":"Si vous souhaitez demander des informations sur nos marques ou si vous avez simplement besoin d'aide, veuillez choisir l'un des moyens suivants pour nous contacter ou remplir le formulaire.","robots":{"index":"index","follow":"follow","max-snippet":"max-snippet:-1","max-image-preview":"max-image-preview:large","max-video-preview":"max-video-preview:-1"},"canonical":"https:\/\/comprof.it\/fr\/contacts\/","og_locale":"fr_FR","og_type":"article","og_title":"Contacts | Comprof","og_description":"Si vous souhaitez demander des informations sur nos marques ou si vous avez simplement besoin d'aide, veuillez choisir l'un des moyens suivants pour nous contacter ou remplir le formulaire.","og_url":"https:\/\/comprof.it\/fr\/contacts\/","og_site_name":"Comprof","article_modified_time":"2026-04-09T13:24:32+00:00","twitter_card":"summary_large_image","twitter_misc":{"Dur\u00e9e de lecture estim\u00e9e":"2 minutes"},"schema":{"@context":"https:\/\/schema.org","@graph":[{"@type":"WebPage","@id":"https:\/\/comprof.it\/fr\/contacts\/","url":"https:\/\/comprof.it\/fr\/contacts\/","name":"Contacts | Comprof","isPartOf":{"@id":"https:\/\/comprof.it\/fr\/#website"},"datePublished":"2021-07-23T10:39:25+00:00","dateModified":"2026-04-09T13:24:32+00:00","description":"Si vous souhaitez demander des informations sur nos marques ou si vous avez simplement besoin d'aide, veuillez choisir l'un des moyens suivants pour nous contacter ou remplir le formulaire.","breadcrumb":{"@id":"https:\/\/comprof.it\/fr\/contacts\/#breadcrumb"},"inLanguage":"fr-FR","potentialAction":[{"@type":"ReadAction","target":["https:\/\/comprof.it\/fr\/contacts\/"]}]},{"@type":"BreadcrumbList","@id":"https:\/\/comprof.it\/fr\/contacts\/#breadcrumb","itemListElement":[{"@type":"ListItem","position":1,"name":"Home","item":"https:\/\/comprof.it\/fr\/"},{"@type":"ListItem","position":2,"name":"contacts"}]},{"@type":"WebSite","@id":"https:\/\/comprof.it\/fr\/#website","url":"https:\/\/comprof.it\/fr\/","name":"Comprof","description":"For Beauty Specialists","publisher":{"@id":"https:\/\/comprof.it\/fr\/#organization"},"potentialAction":[{"@type":"SearchAction","target":{"@type":"EntryPoint","urlTemplate":"https:\/\/comprof.it\/fr\/?s={search_term_string}"},"query-input":{"@type":"PropertyValueSpecification","valueRequired":true,"valueName":"search_term_string"}}],"inLanguage":"fr-FR"},{"@type":"Organization","@id":"https:\/\/comprof.it\/fr\/#organization","name":"Comprof","url":"https:\/\/comprof.it\/fr\/","logo":{"@type":"ImageObject","inLanguage":"fr-FR","@id":"https:\/\/comprof.it\/fr\/#\/schema\/logo\/image\/","url":"https:\/\/comprof.it\/wp-content\/uploads\/2021\/03\/comprof_logo_2020.png","contentUrl":"https:\/\/comprof.it\/wp-content\/uploads\/2021\/03\/comprof_logo_2020.png","width":820,"height":120,"caption":"Comprof"},"image":{"@id":"https:\/\/comprof.it\/fr\/#\/schema\/logo\/image\/"}}]}},"_links":{"self":[{"href":"https:\/\/comprof.it\/fr\/wp-json\/wp\/v2\/pages\/58919","targetHints":{"allow":["GET"]}}],"collection":[{"href":"https:\/\/comprof.it\/fr\/wp-json\/wp\/v2\/pages"}],"about":[{"href":"https:\/\/comprof.it\/fr\/wp-json\/wp\/v2\/types\/page"}],"author":[{"embeddable":true,"href":"https:\/\/comprof.it\/fr\/wp-json\/wp\/v2\/users\/1"}],"replies":[{"embeddable":true,"href":"https:\/\/comprof.it\/fr\/wp-json\/wp\/v2\/comments?post=58919"}],"version-history":[{"count":1,"href":"https:\/\/comprof.it\/fr\/wp-json\/wp\/v2\/pages\/58919\/revisions"}],"predecessor-version":[{"id":63035,"href":"https:\/\/comprof.it\/fr\/wp-json\/wp\/v2\/pages\/58919\/revisions\/63035"}],"wp:attachment":[{"href":"https:\/\/comprof.it\/fr\/wp-json\/wp\/v2\/media?parent=58919"}],"curies":[{"name":"wp","href":"https:\/\/api.w.org\/{rel}","templated":true}]}}