{"id":60355,"date":"2021-09-14T14:36:16","date_gmt":"2021-09-14T12:36:16","guid":{"rendered":"https:\/\/comprof.it\/education\/"},"modified":"2023-11-13T17:04:25","modified_gmt":"2023-11-13T16:04:25","slug":"education","status":"publish","type":"page","link":"https:\/\/comprof.it\/de\/education\/","title":{"rendered":"education"},"content":{"rendered":"<div class=\"wpb-content-wrapper\"><p>[vc_row full_width=&#8220;stretch_row&#8220; css=&#8220;.vc_custom_1614785477234{margin-top: 0px !important;border-top-width: 0px !important;padding-top: 0px !important;}&#8220;][vc_column css=&#8220;.vc_custom_1614785471303{margin-top: 0px !important;border-top-width: 0px !important;padding-top: 0px !important;}&#8220;]\n\t\t\t<!-- START hero_education REVOLUTION SLIDER 6.7.38 --><p class=\"rs-p-wp-fix\"><\/p>\n\t\t\t<rs-module-wrap id=\"rev_slider_5_1_wrapper\" data-source=\"gallery\" style=\"visibility:hidden;background:transparent;padding:0;margin:0px auto;margin-top:0;margin-bottom:0;\">\n\t\t\t\t<rs-module id=\"rev_slider_5_1\" style=\"\" data-version=\"6.7.38\">\n\t\t\t\t\t<rs-slides style=\"overflow: hidden; position: absolute;\">\n\t\t\t\t\t\t<rs-slide style=\"position: absolute;\" data-key=\"rs-5\" data-title=\"Slide\" data-anim=\"ms:1000;r:0;\" data-in=\"o:0;\" data-out=\"a:false;\">\n\t\t\t\t\t\t\t<img decoding=\"async\" src=\"\/\/comprof.it\/wp-content\/plugins\/revslider\/sr6\/assets\/assets\/dummy.png\" alt=\"\" title=\"education\" width=\"1157\" height=\"335\" class=\"rev-slidebg tp-rs-img rs-lazyload\" data-lazyload=\"\/\/comprof.it\/wp-content\/uploads\/2021\/02\/education.png\" data-no-retina>\n<!--\n\t\t\t\t\t\t\t--><rs-layer\n\t\t\t\t\t\t\t\tid=\"slider-5-slide-5-layer-0\" \n\t\t\t\t\t\t\t\tdata-type=\"text\"\n\t\t\t\t\t\t\t\tdata-color=\"#000000\"\n\t\t\t\t\t\t\t\tdata-rsp_ch=\"on\"\n\t\t\t\t\t\t\t\tdata-xy=\"x:c;xo:0,0,2px,0;y:m;yo:-22px,-18px,-11px,-10px;\"\n\t\t\t\t\t\t\t\tdata-text=\"w:normal;s:50,50,40,40;l:25,25,40,45;a:center;\"\n\t\t\t\t\t\t\t\tdata-dim=\"w:auto,auto,auto,438px;\"\n\t\t\t\t\t\t\t\tdata-frame_999=\"o:0;st:w;\"\n\t\t\t\t\t\t\t\tstyle=\"z-index:8;font-family:'Poppins';\"\n\t\t\t\t\t\t\t><b>education<\/b> \n\t\t\t\t\t\t\t<\/rs-layer><!--\n\n\t\t\t\t\t\t\t--><rs-layer\n\t\t\t\t\t\t\t\tid=\"slider-5-slide-5-layer-1\" \n\t\t\t\t\t\t\t\tdata-type=\"text\"\n\t\t\t\t\t\t\t\tdata-color=\"#000000\"\n\t\t\t\t\t\t\t\tdata-rsp_ch=\"on\"\n\t\t\t\t\t\t\t\tdata-xy=\"x:c;yo:221px,225px,223px,179px;\"\n\t\t\t\t\t\t\t\tdata-text=\"w:normal;l:24,19,14,8;ls:1,0,0,0;\"\n\t\t\t\t\t\t\t\tdata-dim=\"minh:0px,none,none,none;\"\n\t\t\t\t\t\t\t\tdata-frame_999=\"o:0;st:w;\"\n\t\t\t\t\t\t\t\tstyle=\"z-index:9;font-family:'Poppins';\"\n\t\t\t\t\t\t\t>our education project \n\t\t\t\t\t\t\t<\/rs-layer><!--\n-->\t\t\t\t\t<\/rs-slide>\n\t\t\t\t\t<\/rs-slides>\n\t\t\t\t<\/rs-module>\n\t\t\t\t<script>\n\t\t\t\t\tsetREVStartSize({c: 'rev_slider_5_1',rl:[1240,1024,778,480],el:[400,400,400,300],gw:[1240,1024,778,460],gh:[400,400,400,300],type:'standard',justify:'',layout:'fullwidth',mh:\"0\"});if (window.RS_MODULES!==undefined && window.RS_MODULES.modules!==undefined && window.RS_MODULES.modules[\"revslider51\"]!==undefined) {window.RS_MODULES.modules[\"revslider51\"].once = false;window.revapi5 = undefined;if (window.RS_MODULES.checkMinimal!==undefined) window.RS_MODULES.checkMinimal()}\n\t\t\t\t<\/script>\n\t\t\t<\/rs-module-wrap>\n\t\t\t<!-- END REVOLUTION SLIDER -->\n[\/vc_column][\/vc_row][vc_row bg_type=&#8220;image&#8220; parallax_style=&#8220;vcpb-default&#8220; bg_image_new=&#8220;id^57319|url^https:\/\/comprof.it\/wp-content\/uploads\/2021\/02\/comprof_academy_img_1.png|caption^null|alt^null|title^comprof_academy_img_1|description^null&#8220; bg_image_repeat=&#8220;no-repeat&#8220; bg_image_size=&#8220;initial&#8220; css=&#8220;.vc_custom_1614350861400{margin-top: 50px !important;background-position: center !important;background-repeat: no-repeat !important;background-size: cover !important;}&#8220;][vc_column offset=&#8220;vc_hidden-xs&#8220;][vc_row_inner css=&#8220;.vc_custom_1614350901230{padding-top: 5% !important;padding-right: 5% !important;padding-bottom: 5% !important;padding-left: 5% !important;}&#8220;][vc_column_inner width=&#8220;1\/2&#8243;][\/vc_column_inner][vc_column_inner width=&#8220;1\/2&#8243; css=&#8220;.vc_custom_1614003231140{margin-top: 10px !important;margin-bottom: 30px !important;background-color: #ffffff !important;background-position: center !important;background-repeat: no-repeat !important;background-size: contain !important;}&#8220;][vc_column_text css=&#8220;.vc_custom_1650614657243{padding-top: 5% !important;padding-right: 5% !important;padding-left: 5% !important;}&#8220;]<img loading=\"lazy\" decoding=\"async\" class=\"size-medium wp-image-175 alignnone\" src=\"https:\/\/comprof.it\/wp-content\/uploads\/2021\/02\/comprof_academy_logo-300x70.png\" alt=\"\" width=\"300\" height=\"70\" srcset=\"https:\/\/comprof.it\/wp-content\/uploads\/2021\/02\/comprof_academy_logo-300x70.png 300w, https:\/\/comprof.it\/wp-content\/uploads\/2021\/02\/comprof_academy_logo.png 384w, https:\/\/comprof.it\/wp-content\/uploads\/2021\/02\/comprof_academy_logo@2x.png 768w\" sizes=\"auto, (max-width: 300px) 100vw, 300px\" \/><\/p>\n<p><b>ausbildung f\u00fcr Innovation<\/b><\/p>\n<p><span style=\"font-weight: 400;\">Die <strong>Comprof Academy<\/strong> ist ein ehrgeiziges Projekt, das aus dem Wunsch heraus entstanden ist, zwanzig Jahre Wissen und Erfahrung im Bereich der Haar- und Sch\u00f6nheitspflege zu teilen.\u00a0\u00a0<\/span><\/p>\n<p><span style=\"font-weight: 400;\">Eine Akademie, die individuelle Kurse und sich st\u00e4ndig weiterentwickelnde <strong>Ausbildungsprogramme<\/strong> anbietet und ein doppeltes Ziel verfolgt: die Sch\u00f6nheitsfachkr\u00e4fte auf <strong>ihrem Weg des beruflichen<\/strong> Wachstums zu begleiten und der Branche einen innovativen Impuls zu geben.<\/span>[\/vc_column_text][vc_btn title=&#8220;Besuchen Sie die Website&#8220; shape=&#8220;square&#8220; color=&#8220;violet&#8220; link=&#8220;url:https%3A%2F%2Fcomprofacademy.it%2Fen%2F|target:_blank&#8220; css=&#8220;.vc_custom_1650614611983{padding-right: 5% !important;padding-bottom: 5% !important;padding-left: 5% !important;}&#8220;][\/vc_column_inner][\/vc_row_inner][\/vc_column][\/vc_row][vc_row][vc_column offset=&#8220;vc_hidden-lg vc_hidden-md vc_hidden-sm&#8220;][vc_row_inner][vc_column_inner][vc_column_text css=&#8220;.vc_custom_1650614663567{padding-top: 10% !important;padding-right: 10% !important;padding-left: 10% !important;}&#8220;]<img loading=\"lazy\" decoding=\"async\" class=\"size-medium wp-image-175 alignnone\" src=\"https:\/\/comprof.it\/wp-content\/uploads\/2021\/02\/comprof_academy_logo-300x70.png\" alt=\"\" width=\"300\" height=\"70\" srcset=\"https:\/\/comprof.it\/wp-content\/uploads\/2021\/02\/comprof_academy_logo-300x70.png 300w, https:\/\/comprof.it\/wp-content\/uploads\/2021\/02\/comprof_academy_logo.png 384w, https:\/\/comprof.it\/wp-content\/uploads\/2021\/02\/comprof_academy_logo@2x.png 768w\" sizes=\"auto, (max-width: 300px) 100vw, 300px\" \/><\/p>\n<p><b>ausbildung f\u00fcr Innovation<\/b><\/p>\n<p><span style=\"font-weight: 400;\">Die <strong>Comprof Academy<\/strong> ist ein ehrgeiziges Projekt, das aus dem Wunsch heraus entstanden ist, zwanzig Jahre Wissen und Erfahrung im Bereich der Haar- und Sch\u00f6nheitspflege zu teilen.\u00a0\u00a0<\/span><\/p>\n<p><span style=\"font-weight: 400;\">Eine Akademie, die individuelle Kurse und sich st\u00e4ndig weiterentwickelnde <strong>Ausbildungsprogramme<\/strong> anbietet und ein doppeltes Ziel verfolgt: die Sch\u00f6nheitsfachkr\u00e4fte auf <strong>ihrem Weg des beruflichen<\/strong> Wachstums zu begleiten und der Branche einen innovativen Impuls zu geben.<\/span>[\/vc_column_text][vc_btn title=&#8220;Besuchen Sie die Website&#8220; shape=&#8220;square&#8220; color=&#8220;violet&#8220; link=&#8220;url:https%3A%2F%2Fcomprofacademy.it%2Fen%2F|target:_blank&#8220; css=&#8220;.vc_custom_1650614642342{padding-right: 5% !important;padding-bottom: 5% !important;padding-left: 5% !important;}&#8220;][\/vc_column_inner][\/vc_row_inner][vc_row_inner][vc_column_inner][vc_single_image image=&#8220;60379&#8243; img_size=&#8220;full&#8220; alignment=&#8220;center&#8220;][\/vc_column_inner][\/vc_row_inner][\/vc_column][\/vc_row][vc_row css=&#8220;.vc_custom_1614331287736{margin-top: 50px !important;padding-right: 5% !important;padding-left: 5% !important;}&#8220;][vc_column offset=&#8220;vc_hidden-sm vc_hidden-xs&#8220;][vc_row_inner][vc_column_inner css=&#8220;.vc_custom_1614004543668{padding-top: 30px !important;padding-bottom: 50px !important;}&#8220;][vc_column_text]<\/p>\n<h1 style=\"text-align: center;\">Die St\u00e4rken der<b> Comprof-Ausbildung<\/b><\/h1>\n<p>[\/vc_column_text][\/vc_column_inner][\/vc_row_inner][vc_row_inner css=&#8220;.vc_custom_1614330394970{padding-top: 50px !important;}&#8220;][vc_column_inner width=&#8220;1\/2&#8243;][vc_column_text css=&#8220;.vc_custom_1614355113056{padding-right: 10% !important;padding-left: 10% !important;}&#8220;]<\/p>\n<h3><b>p<\/b><b>\u00e4dagogischer Pragmatismus<\/b><\/h3>\n<p><span style=\"font-weight: 400;\">Die F\u00e4higkeit, Mode-Inspirationen und wissenschaftliche Forschung in anwendbare und replizierbare Techniken und Protokolle umzuwandeln. Wir bieten ein Know-how, das auf \u00fcber Jahre hinweg erworbene F\u00e4higkeiten zur\u00fcckzuf\u00fchren ist.<\/span>[\/vc_column_text][\/vc_column_inner][vc_column_inner width=&#8220;1\/2&#8243;][vc_column_text css=&#8220;.vc_custom_1649681258849{padding-right: 10% !important;padding-left: 10% !important;}&#8220;]<\/p>\n<h3><b><img loading=\"lazy\" decoding=\"async\" class=\"wp-image-57333 size-full alignleft\" src=\"https:\/\/comprof.it\/wp-content\/uploads\/2022\/04\/41k.png\" alt=\"\" width=\"210\" height=\"160\" \/><\/b><\/h3>\n<p><strong>41.000<br \/>\n<\/strong><span style=\"font-weight: 400;\">die Branchenspezialisten, die unsere Kurse besucht haben<\/span>[\/vc_column_text][\/vc_column_inner][\/vc_row_inner][vc_row_inner][vc_column_inner width=&#8220;1\/2&#8243;][vc_column_text css=&#8220;.vc_custom_1614355118452{padding-right: 10% !important;padding-left: 10% !important;}&#8220;]<\/p>\n<h3><b>cool hunter <\/b><b>aus Leidenschaft<\/b><\/h3>\n<p><span style=\"font-weight: 400;\">Unsere Ausbilder sind Trendforscher. Sie beschleunigen Trends und hauchen ihnen neues Leben ein, sowohl in der Haarpflege als auch in der Sch\u00f6nheitspflege, indem sie dem Markt zuvorkommen.\u00a0\u00a0<\/span>[\/vc_column_text][\/vc_column_inner][vc_column_inner width=&#8220;1\/2&#8243;][vc_column_text css=&#8220;.vc_custom_1649681276284{padding-right: 10% !important;padding-left: 10% !important;}&#8220;]<strong><img loading=\"lazy\" decoding=\"async\" class=\"wp-image-57335 size-full alignleft\" src=\"https:\/\/comprof.it\/wp-content\/uploads\/2022\/04\/1.5k.png\" alt=\"\" width=\"210\" height=\"160\" \/>1500<\/strong><br \/>\n<span style=\"font-weight: 400;\">die Anzahl der weltweit organisierten Schulungsveranstaltungen<\/span>[\/vc_column_text][\/vc_column_inner][\/vc_row_inner][vc_row_inner][vc_column_inner width=&#8220;1\/2&#8243;][vc_column_text css=&#8220;.vc_custom_1614355124157{padding-right: 10% !important;padding-left: 10% !important;}&#8220;]<\/p>\n<h3><b>e<\/b><b>rfahrung und Motivation<\/b><\/h3>\n<p><span style=\"font-weight: 400;\">Die Synergie aus zwanzigj\u00e4hriger Erfahrung und starker Motivation ist die treibende Kraft hinter unserem Bildungsmodell, das sich st\u00e4ndig weiterentwickelt und in der Lage ist, neue Paradigmen f\u00fcr den Pr\u00e4senz- und Fernunterricht zu definieren.<\/span>[\/vc_column_text][\/vc_column_inner][vc_column_inner width=&#8220;1\/2&#8243;][vc_column_text css=&#8220;.vc_custom_1649681316600{padding-right: 10% !important;padding-left: 10% !important;}&#8220;]<strong><img loading=\"lazy\" decoding=\"async\" class=\"wp-image-57336 size-full alignleft\" src=\"https:\/\/comprof.it\/wp-content\/uploads\/2022\/04\/30-1.png\" alt=\"\" width=\"210\" height=\"160\" \/>30<\/strong><br \/>\n<span style=\"font-weight: 400;\">hairstylisten und internationale spezialisten f\u00fcr eine exklusive schulung<\/span>[\/vc_column_text][\/vc_column_inner][\/vc_row_inner][vc_row_inner][vc_column_inner][vc_empty_space height=&#8220;30px&#8220;][\/vc_column_inner][\/vc_row_inner][\/vc_column][\/vc_row][vc_row][vc_column offset=&#8220;vc_hidden-lg vc_hidden-md&#8220;][vc_row_inner][vc_column_inner css=&#8220;.vc_custom_1614091089276{padding-top: 30px !important;padding-right: 10% !important;padding-bottom: 30px !important;padding-left: 10% !important;}&#8220;][vc_column_text]<\/p>\n<h1 style=\"text-align: center;\"><b>Die St\u00e4rken der Comprof-Ausbildung<\/b><\/h1>\n<p>[\/vc_column_text][\/vc_column_inner][\/vc_row_inner][vc_row_inner][vc_column_inner][vc_column_text css=&#8220;.vc_custom_1614355132178{padding-right: 10% !important;padding-left: 10% !important;}&#8220;]<\/p>\n<h3 style=\"text-align: center;\"><b>p\u00e4dagogischer <\/b><\/h3>\n<h3 style=\"text-align: center;\"><b>pragmatismus<\/b><\/h3>\n<p style=\"text-align: center;\"><span style=\"font-weight: 400;\">Die F\u00e4higkeit, Mode-Inspirationen und wissenschaftliche Forschung in anwendbare und replizierbare Techniken und Protokolle umzuwandeln. Wir bieten ein Know-how, das auf \u00fcber Jahre hinweg erworbene F\u00e4higkeiten zur\u00fcckzuf\u00fchren ist.<\/span><\/p>\n<p>[\/vc_column_text][vc_column_text css=&#8220;.vc_custom_1614355137331{padding-right: 10% !important;padding-left: 10% !important;}&#8220;]<\/p>\n<h3 style=\"text-align: center;\"><b>cool hunter<\/b><\/h3>\n<h3 style=\"text-align: center;\"><b>aus Leidenschaft<\/b><\/h3>\n<p style=\"text-align: center;\"><span style=\"font-weight: 400;\">Unsere Ausbilder sind Trendforscher. Sie beschleunigen Trends und hauchen ihnen neues Leben ein, sowohl in der Haarpflege als auch in der Sch\u00f6nheitspflege, indem sie dem Markt zuvorkommen.\u00a0\u00a0<\/span><\/p>\n<p>[\/vc_column_text][vc_column_text css=&#8220;.vc_custom_1614355142539{padding-right: 10% !important;padding-left: 10% !important;}&#8220;]<\/p>\n<h3 style=\"text-align: center;\"><b>e<\/b><b>rfahrung und <\/b><\/h3>\n<h3 style=\"text-align: center;\"><b>motivation<\/b><\/h3>\n<p style=\"text-align: center;\"><span style=\"font-weight: 400;\">Die Synergie aus zwanzigj\u00e4hriger Erfahrung und starker Motivation ist die treibende Kraft hinter unserem Bildungsmodell, das sich st\u00e4ndig weiterentwickelt und in der Lage ist, neue Paradigmen f\u00fcr den Pr\u00e4senz- und Fernunterricht zu definieren.<\/span><\/p>\n<p>[\/vc_column_text][\/vc_column_inner][\/vc_row_inner][vc_row_inner][vc_column_inner][vc_column_text css=&#8220;.vc_custom_1649681355459{padding-right: 10% !important;padding-left: 10% !important;}&#8220;]<\/p>\n<h3><b><img loading=\"lazy\" decoding=\"async\" class=\"wp-image-57333 size-full aligncenter\" src=\"https:\/\/comprof.it\/wp-content\/uploads\/2022\/04\/41k.png\" alt=\"\" width=\"210\" height=\"160\" \/><\/b><\/h3>\n<p style=\"text-align: center;\"><strong>41.000<br \/>\n<\/strong>die Branchenspezialisten,<br \/>\ndie unsere Kurse besucht haben<\/p>\n<p>[\/vc_column_text][vc_column_text css=&#8220;.vc_custom_1649681439208{padding-right: 10% !important;padding-left: 10% !important;}&#8220;]<\/p>\n<p style=\"text-align: center;\"><strong><img loading=\"lazy\" decoding=\"async\" class=\"wp-image-57335 size-full aligncenter\" src=\"https:\/\/comprof.it\/wp-content\/uploads\/2022\/04\/1.5k.png\" alt=\"\" width=\"210\" height=\"160\" \/>1500<\/strong><\/p>\n<p style=\"text-align: center;\">die Anzahl der weltweit<br \/>\norganisierten Schulungsveranstaltungen<\/p>\n<p>[\/vc_column_text][vc_column_text css=&#8220;.vc_custom_1649681494040{padding-right: 10% !important;padding-left: 10% !important;}&#8220;]<\/p>\n<p style=\"text-align: center;\"><strong><img loading=\"lazy\" decoding=\"async\" class=\"wp-image-57336 size-full aligncenter\" src=\"https:\/\/comprof.it\/wp-content\/uploads\/2022\/04\/30-1.png\" alt=\"\" width=\"210\" height=\"160\" \/>30<\/strong><\/p>\n<p style=\"text-align: center;\">hairstylisten und internationale spezialisten f\u00fcr eine exklusive schulung<\/p>\n<p>[\/vc_column_text][\/vc_column_inner][\/vc_row_inner][vc_row_inner][vc_column_inner][vc_empty_space height=&#8220;30px&#8220;][\/vc_column_inner][\/vc_row_inner][\/vc_column][\/vc_row][vc_row][vc_column][vc_empty_space][\/vc_column][\/vc_row]<\/p>\n<\/div>","protected":false},"excerpt":{"rendered":"<p>[vc_row full_width=&#8220;stretch_row&#8220; css=&#8220;.vc_custom_1614785477234{margin-top: 0px !important;border-top-width: 0px !important;padding-top: 0px !important;}&#8220;][vc_column css=&#8220;.vc_custom_1614785471303{margin-top: 0px !important;border-top-width: 0px !important;padding-top: 0px !important;}&#8220;][\/vc_column][\/vc_row][vc_row bg_type=&#8220;image&#8220; parallax_style=&#8220;vcpb-default&#8220; bg_image_new=&#8220;id^57319|url^https:\/\/comprof.it\/wp-content\/uploads\/2021\/02\/comprof_academy_img_1.png|caption^null|alt^null|title^comprof_academy_img_1|description^null&#8220; bg_image_repeat=&#8220;no-repeat&#8220; bg_image_size=&#8220;initial&#8220; css=&#8220;.vc_custom_1614350861400{margin-top: 50px !important;background-position: center !important;background-repeat: no-repeat !important;background-size: cover !important;}&#8220;][vc_column offset=&#8220;vc_hidden-xs&#8220;][vc_row_inner css=&#8220;.vc_custom_1614350901230{padding-top: 5% !important;padding-right: 5% !important;padding-bottom: 5% !important;padding-left: 5% !important;}&#8220;][vc_column_inner width=&#8220;1\/2&#8243;][\/vc_column_inner][vc_column_inner width=&#8220;1\/2&#8243; css=&#8220;.vc_custom_1614003231140{margin-top: 10px !important;margin-bottom: 30px !important;background-color: #ffffff !important;background-position: center !important;background-repeat: no-repeat !important;background-size: contain !important;}&#8220;][vc_column_text&hellip;<\/p>\n","protected":false},"author":1,"featured_media":0,"parent":0,"menu_order":0,"comment_status":"closed","ping_status":"closed","template":"","meta":{"footnotes":""},"class_list":["post-60355","page","type-page","status-publish","hentry","description-off"],"yoast_head":"<!-- This site is optimized with the Yoast SEO plugin v26.8 - https:\/\/yoast.com\/product\/yoast-seo-wordpress\/ -->\n<title>Education | Comprof<\/title>\n<meta name=\"description\" content=\"Die Comprof Academy ist ein Projekt, das aus dem Wunsch heraus entstanden ist, Wissen und Erfahrung im Bereich der Haar- und Sch\u00f6nheitspflege zu teilen.\" \/>\n<meta name=\"robots\" content=\"index, follow, max-snippet:-1, max-image-preview:large, max-video-preview:-1\" \/>\n<link rel=\"canonical\" href=\"https:\/\/comprof.it\/de\/education\/\" \/>\n<meta property=\"og:locale\" content=\"de_DE\" \/>\n<meta property=\"og:type\" content=\"article\" \/>\n<meta property=\"og:title\" content=\"Education | Comprof\" \/>\n<meta property=\"og:description\" content=\"Die Comprof Academy ist ein Projekt, das aus dem Wunsch heraus entstanden ist, Wissen und Erfahrung im Bereich der Haar- und Sch\u00f6nheitspflege zu teilen.\" \/>\n<meta property=\"og:url\" content=\"https:\/\/comprof.it\/de\/education\/\" \/>\n<meta property=\"og:site_name\" content=\"Comprof\" \/>\n<meta property=\"article:modified_time\" content=\"2023-11-13T16:04:25+00:00\" \/>\n<meta property=\"og:image\" content=\"https:\/\/comprof.it\/wp-content\/uploads\/2021\/02\/comprof_academy_logo-300x70.png\" \/>\n<meta name=\"twitter:card\" content=\"summary_large_image\" \/>\n<meta name=\"twitter:label1\" content=\"Gesch\u00e4tzte Lesezeit\" \/>\n\t<meta name=\"twitter:data1\" content=\"5\u00a0Minuten\" \/>\n<script type=\"application\/ld+json\" class=\"yoast-schema-graph\">{\"@context\":\"https:\/\/schema.org\",\"@graph\":[{\"@type\":\"WebPage\",\"@id\":\"https:\/\/comprof.it\/de\/education\/\",\"url\":\"https:\/\/comprof.it\/de\/education\/\",\"name\":\"Education | Comprof\",\"isPartOf\":{\"@id\":\"https:\/\/comprof.it\/de\/#website\"},\"primaryImageOfPage\":{\"@id\":\"https:\/\/comprof.it\/de\/education\/#primaryimage\"},\"image\":{\"@id\":\"https:\/\/comprof.it\/de\/education\/#primaryimage\"},\"thumbnailUrl\":\"https:\/\/comprof.it\/wp-content\/uploads\/2021\/02\/comprof_academy_logo-300x70.png\",\"datePublished\":\"2021-09-14T12:36:16+00:00\",\"dateModified\":\"2023-11-13T16:04:25+00:00\",\"description\":\"Die Comprof Academy ist ein Projekt, das aus dem Wunsch heraus entstanden ist, Wissen und Erfahrung im Bereich der Haar- und Sch\u00f6nheitspflege zu teilen.\",\"breadcrumb\":{\"@id\":\"https:\/\/comprof.it\/de\/education\/#breadcrumb\"},\"inLanguage\":\"de\",\"potentialAction\":[{\"@type\":\"ReadAction\",\"target\":[\"https:\/\/comprof.it\/de\/education\/\"]}]},{\"@type\":\"ImageObject\",\"inLanguage\":\"de\",\"@id\":\"https:\/\/comprof.it\/de\/education\/#primaryimage\",\"url\":\"https:\/\/comprof.it\/wp-content\/uploads\/2021\/02\/comprof_academy_logo-300x70.png\",\"contentUrl\":\"https:\/\/comprof.it\/wp-content\/uploads\/2021\/02\/comprof_academy_logo-300x70.png\"},{\"@type\":\"BreadcrumbList\",\"@id\":\"https:\/\/comprof.it\/de\/education\/#breadcrumb\",\"itemListElement\":[{\"@type\":\"ListItem\",\"position\":1,\"name\":\"Home\",\"item\":\"https:\/\/comprof.it\/de\/\"},{\"@type\":\"ListItem\",\"position\":2,\"name\":\"education\"}]},{\"@type\":\"WebSite\",\"@id\":\"https:\/\/comprof.it\/de\/#website\",\"url\":\"https:\/\/comprof.it\/de\/\",\"name\":\"Comprof\",\"description\":\"For Beauty Specialists\",\"publisher\":{\"@id\":\"https:\/\/comprof.it\/de\/#organization\"},\"potentialAction\":[{\"@type\":\"SearchAction\",\"target\":{\"@type\":\"EntryPoint\",\"urlTemplate\":\"https:\/\/comprof.it\/de\/?s={search_term_string}\"},\"query-input\":{\"@type\":\"PropertyValueSpecification\",\"valueRequired\":true,\"valueName\":\"search_term_string\"}}],\"inLanguage\":\"de\"},{\"@type\":\"Organization\",\"@id\":\"https:\/\/comprof.it\/de\/#organization\",\"name\":\"Comprof\",\"url\":\"https:\/\/comprof.it\/de\/\",\"logo\":{\"@type\":\"ImageObject\",\"inLanguage\":\"de\",\"@id\":\"https:\/\/comprof.it\/de\/#\/schema\/logo\/image\/\",\"url\":\"https:\/\/comprof.it\/wp-content\/uploads\/2021\/03\/comprof_logo_2020.png\",\"contentUrl\":\"https:\/\/comprof.it\/wp-content\/uploads\/2021\/03\/comprof_logo_2020.png\",\"width\":820,\"height\":120,\"caption\":\"Comprof\"},\"image\":{\"@id\":\"https:\/\/comprof.it\/de\/#\/schema\/logo\/image\/\"}}]}<\/script>\n<!-- \/ Yoast SEO plugin. -->","yoast_head_json":{"title":"Education | Comprof","description":"Die Comprof Academy ist ein Projekt, das aus dem Wunsch heraus entstanden ist, Wissen und Erfahrung im Bereich der Haar- und Sch\u00f6nheitspflege zu teilen.","robots":{"index":"index","follow":"follow","max-snippet":"max-snippet:-1","max-image-preview":"max-image-preview:large","max-video-preview":"max-video-preview:-1"},"canonical":"https:\/\/comprof.it\/de\/education\/","og_locale":"de_DE","og_type":"article","og_title":"Education | Comprof","og_description":"Die Comprof Academy ist ein Projekt, das aus dem Wunsch heraus entstanden ist, Wissen und Erfahrung im Bereich der Haar- und Sch\u00f6nheitspflege zu teilen.","og_url":"https:\/\/comprof.it\/de\/education\/","og_site_name":"Comprof","article_modified_time":"2023-11-13T16:04:25+00:00","og_image":[{"url":"https:\/\/comprof.it\/wp-content\/uploads\/2021\/02\/comprof_academy_logo-300x70.png","type":"","width":"","height":""}],"twitter_card":"summary_large_image","twitter_misc":{"Gesch\u00e4tzte Lesezeit":"5\u00a0Minuten"},"schema":{"@context":"https:\/\/schema.org","@graph":[{"@type":"WebPage","@id":"https:\/\/comprof.it\/de\/education\/","url":"https:\/\/comprof.it\/de\/education\/","name":"Education | Comprof","isPartOf":{"@id":"https:\/\/comprof.it\/de\/#website"},"primaryImageOfPage":{"@id":"https:\/\/comprof.it\/de\/education\/#primaryimage"},"image":{"@id":"https:\/\/comprof.it\/de\/education\/#primaryimage"},"thumbnailUrl":"https:\/\/comprof.it\/wp-content\/uploads\/2021\/02\/comprof_academy_logo-300x70.png","datePublished":"2021-09-14T12:36:16+00:00","dateModified":"2023-11-13T16:04:25+00:00","description":"Die Comprof Academy ist ein Projekt, das aus dem Wunsch heraus entstanden ist, Wissen und Erfahrung im Bereich der Haar- und Sch\u00f6nheitspflege zu teilen.","breadcrumb":{"@id":"https:\/\/comprof.it\/de\/education\/#breadcrumb"},"inLanguage":"de","potentialAction":[{"@type":"ReadAction","target":["https:\/\/comprof.it\/de\/education\/"]}]},{"@type":"ImageObject","inLanguage":"de","@id":"https:\/\/comprof.it\/de\/education\/#primaryimage","url":"https:\/\/comprof.it\/wp-content\/uploads\/2021\/02\/comprof_academy_logo-300x70.png","contentUrl":"https:\/\/comprof.it\/wp-content\/uploads\/2021\/02\/comprof_academy_logo-300x70.png"},{"@type":"BreadcrumbList","@id":"https:\/\/comprof.it\/de\/education\/#breadcrumb","itemListElement":[{"@type":"ListItem","position":1,"name":"Home","item":"https:\/\/comprof.it\/de\/"},{"@type":"ListItem","position":2,"name":"education"}]},{"@type":"WebSite","@id":"https:\/\/comprof.it\/de\/#website","url":"https:\/\/comprof.it\/de\/","name":"Comprof","description":"For Beauty Specialists","publisher":{"@id":"https:\/\/comprof.it\/de\/#organization"},"potentialAction":[{"@type":"SearchAction","target":{"@type":"EntryPoint","urlTemplate":"https:\/\/comprof.it\/de\/?s={search_term_string}"},"query-input":{"@type":"PropertyValueSpecification","valueRequired":true,"valueName":"search_term_string"}}],"inLanguage":"de"},{"@type":"Organization","@id":"https:\/\/comprof.it\/de\/#organization","name":"Comprof","url":"https:\/\/comprof.it\/de\/","logo":{"@type":"ImageObject","inLanguage":"de","@id":"https:\/\/comprof.it\/de\/#\/schema\/logo\/image\/","url":"https:\/\/comprof.it\/wp-content\/uploads\/2021\/03\/comprof_logo_2020.png","contentUrl":"https:\/\/comprof.it\/wp-content\/uploads\/2021\/03\/comprof_logo_2020.png","width":820,"height":120,"caption":"Comprof"},"image":{"@id":"https:\/\/comprof.it\/de\/#\/schema\/logo\/image\/"}}]}},"_links":{"self":[{"href":"https:\/\/comprof.it\/de\/wp-json\/wp\/v2\/pages\/60355","targetHints":{"allow":["GET"]}}],"collection":[{"href":"https:\/\/comprof.it\/de\/wp-json\/wp\/v2\/pages"}],"about":[{"href":"https:\/\/comprof.it\/de\/wp-json\/wp\/v2\/types\/page"}],"author":[{"embeddable":true,"href":"https:\/\/comprof.it\/de\/wp-json\/wp\/v2\/users\/1"}],"replies":[{"embeddable":true,"href":"https:\/\/comprof.it\/de\/wp-json\/wp\/v2\/comments?post=60355"}],"version-history":[{"count":0,"href":"https:\/\/comprof.it\/de\/wp-json\/wp\/v2\/pages\/60355\/revisions"}],"wp:attachment":[{"href":"https:\/\/comprof.it\/de\/wp-json\/wp\/v2\/media?parent=60355"}],"curies":[{"name":"wp","href":"https:\/\/api.w.org\/{rel}","templated":true}]}}